{"id":2,"date":"2021-05-09T02:13:38","date_gmt":"2021-05-09T02:13:38","guid":{"rendered":"http:\/\/lesanchezv.com\/?page_id=2"},"modified":"2023-10-19T22:48:50","modified_gmt":"2023-10-19T22:48:50","slug":"sample-page","status":"publish","type":"page","link":"https:\/\/lesanchezv.com\/wp\/","title":{"rendered":"Bienvenido"},"content":{"rendered":"\n<figure class=\"wp-block-image size-large\"><img loading=\"lazy\" decoding=\"async\" width=\"1024\" height=\"574\" src=\"https:\/\/lesanchezv.com\/wp\/wp-content\/uploads\/2023\/10\/pngtree-sleek-and-stylish-home-office-interior-with-black-and-gray-color-picture-image_4841099-1024x574.png\" alt=\"\" class=\"wp-image-160\" srcset=\"https:\/\/lesanchezv.com\/wp\/wp-content\/uploads\/2023\/10\/pngtree-sleek-and-stylish-home-office-interior-with-black-and-gray-color-picture-image_4841099-1024x574.png 1024w, https:\/\/lesanchezv.com\/wp\/wp-content\/uploads\/2023\/10\/pngtree-sleek-and-stylish-home-office-interior-with-black-and-gray-color-picture-image_4841099-300x168.png 300w, https:\/\/lesanchezv.com\/wp\/wp-content\/uploads\/2023\/10\/pngtree-sleek-and-stylish-home-office-interior-with-black-and-gray-color-picture-image_4841099-768x431.png 768w, https:\/\/lesanchezv.com\/wp\/wp-content\/uploads\/2023\/10\/pngtree-sleek-and-stylish-home-office-interior-with-black-and-gray-color-picture-image_4841099.png 1200w\" sizes=\"auto, (max-width: 1024px) 100vw, 1024px\" \/><\/figure>\n\n\n\n<p>\u00a1Bienvenido a mi blog!<\/p>\n\n\n\n<p>En este espacio, exploramos dos aspectos fundamentales de la vida: las finanzas y la espiritualidad, aunque por separado. Creemos en la importancia de abordar estos temas con profundidad y claridad, permitiendo a nuestros lectores enfocarse en sus intereses particulares.<\/p>\n\n\n\n<p>Si te apasionan las finanzas y buscas consejos pr\u00e1cticos sobre presupuesto, inversi\u00f3n y estrategias para alcanzar tus metas financieras, est\u00e1s en el lugar adecuado. Nuestros art\u00edculos y gu\u00edas se centran exclusivamente en proporcionarte informaci\u00f3n valiosa y herramientas que te ayudar\u00e1n a tomar decisiones financieras m\u00e1s inteligentes.<\/p>\n\n\n\n<p>Por otro lado, si deseas explorar tu espiritualidad, encontrar\u00e1s reflexiones, consejos y recursos que te inspirar\u00e1n a profundizar en tu relaci\u00f3n con Dios y en tu crecimiento personal desde una perspectiva cristiana. La fe es una parte fundamental de nuestras vidas, y aqu\u00ed compartimos c\u00f3mo aplicar esos principios en tu d\u00eda a d\u00eda.<\/p>\n\n\n\n<p>En este blog, respetamos tu libertad para enfocarte en el \u00e1rea que m\u00e1s te interese. No mezclamos estos dos mundos, pero te brindamos toda la informaci\u00f3n que necesitas para prosperar en ambos. No importa si prefieres un art\u00edculo financiero un d\u00eda y una reflexi\u00f3n cristiana al siguiente; estamos aqu\u00ed para ti.<\/p>\n\n\n\n<p>\u00a1Gracias por visitarnos! Explora nuestro contenido y \u00fanete a nuestra comunidad en el camino hacia el \u00e9xito financiero o espiritual, seg\u00fan tus preferencias.<\/p>\n","protected":false},"excerpt":{"rendered":"<p>\u00a1Bienvenido a mi blog! En este espacio, exploramos dos aspectos fundamentales de la vida: las finanzas y la espiritualidad, aunque por separado. Creemos en la&#8230;<\/p>\n","protected":false},"author":1,"featured_media":0,"parent":0,"menu_order":1,"comment_status":"closed","ping_status":"closed","template":"","meta":{"footnotes":""},"class_list":["post-2","page","type-page","status-publish","hentry","entry"],"_links":{"self":[{"href":"https:\/\/lesanchezv.com\/wp\/index.php?rest_route=\/wp\/v2\/pages\/2","targetHints":{"allow":["GET"]}}],"collection":[{"href":"https:\/\/lesanchezv.com\/wp\/index.php?rest_route=\/wp\/v2\/pages"}],"about":[{"href":"https:\/\/lesanchezv.com\/wp\/index.php?rest_route=\/wp\/v2\/types\/page"}],"author":[{"embeddable":true,"href":"https:\/\/lesanchezv.com\/wp\/index.php?rest_route=\/wp\/v2\/users\/1"}],"replies":[{"embeddable":true,"href":"https:\/\/lesanchezv.com\/wp\/index.php?rest_route=%2Fwp%2Fv2%2Fcomments&post=2"}],"version-history":[{"count":5,"href":"https:\/\/lesanchezv.com\/wp\/index.php?rest_route=\/wp\/v2\/pages\/2\/revisions"}],"predecessor-version":[{"id":201,"href":"https:\/\/lesanchezv.com\/wp\/index.php?rest_route=\/wp\/v2\/pages\/2\/revisions\/201"}],"wp:attachment":[{"href":"https:\/\/lesanchezv.com\/wp\/index.php?rest_route=%2Fwp%2Fv2%2Fmedia&parent=2"}],"curies":[{"name":"wp","href":"https:\/\/api.w.org\/{rel}","templated":true}]}}